{"id":13,"date":"2014-12-14T23:14:56","date_gmt":"2014-12-14T23:14:56","guid":{"rendered":"http:\/\/quintadoalamo.org\/?page_id=13"},"modified":"2021-06-16T01:45:00","modified_gmt":"2021-06-16T00:45:00","slug":"hortas-dos-vizinhos","status":"publish","type":"page","link":"http:\/\/quintadoalamo.org\/?page_id=13","title":{"rendered":"Hortas dos Vizinhos"},"content":{"rendered":"<p>O projecto Hortas dos Vizinhos \u00e9 a simbiose perfeita entre a comunidade envolvente e a Quinta do \u00c1lamo. Os utentes das hortas cultivam produzindo os alimentos e assim conseguem levar para as suas mesas produtos de elevada qualidade e poupar nas economias das fam\u00edlias. Por outro lado mant\u00e9m a Quinta ajudando em tarefas tais como a manuten\u00e7\u00e3o de jardins e outras necessidades de acordo com a disponibilidade de cada utente.<\/p>\n<p><img decoding=\"async\" loading=\"lazy\" class=\"aligncenter size-full wp-image-256\" src=\"http:\/\/quintadoalamo.org\/wp-content\/uploads\/2017\/04\/mapa-das-hortas.png\" alt=\"\" width=\"1153\" height=\"647\" srcset=\"http:\/\/quintadoalamo.org\/wp-content\/uploads\/2017\/04\/mapa-das-hortas.png 1153w, http:\/\/quintadoalamo.org\/wp-content\/uploads\/2017\/04\/mapa-das-hortas-300x168.png 300w, http:\/\/quintadoalamo.org\/wp-content\/uploads\/2017\/04\/mapa-das-hortas-768x431.png 768w, http:\/\/quintadoalamo.org\/wp-content\/uploads\/2017\/04\/mapa-das-hortas-1024x575.png 1024w\" sizes=\"(max-width: 1153px) 100vw, 1153px\" \/><\/p>\n<p><strong><img decoding=\"async\" loading=\"lazy\" class=\"wp-image-263 alignleft\" src=\"http:\/\/quintadoalamo.org\/wp-content\/uploads\/2017\/04\/email.jpg\" alt=\"\" width=\"50\" height=\"44\" \/><br \/>\n<\/strong><\/p>\n<p style=\"padding-left: 30px;\"><a href=\"mailto:hortadosvizinhos@gmail.com\" target=\"_blank\" rel=\"noopener\"><u><span style=\"color: #0066cc;\">hortadosvizinhos@gmail.com<\/span><\/u><\/a><\/p>\n<p><strong><img decoding=\"async\" loading=\"lazy\" class=\"wp-image-264 alignleft\" src=\"http:\/\/quintadoalamo.org\/wp-content\/uploads\/2017\/04\/telefone.png\" alt=\"\" width=\"51\" height=\"51\" srcset=\"http:\/\/quintadoalamo.org\/wp-content\/uploads\/2017\/04\/telefone.png 225w, http:\/\/quintadoalamo.org\/wp-content\/uploads\/2017\/04\/telefone-150x150.png 150w\" sizes=\"(max-width: 51px) 100vw, 51px\" \/><br \/>\n<\/strong><\/p>\n<p style=\"padding-left: 30px;\">919 367 612 &#8211; Nuno Mendes<\/p>\n<p>&nbsp;<\/p>\n","protected":false},"excerpt":{"rendered":"<p>O projecto Hortas dos Vizinhos \u00e9 a simbiose perfeita entre a comunidade envolvente e a Quinta do \u00c1lamo. Os utentes das hortas cultivam produzindo os alimentos e assim conseguem levar para as suas mesas produtos de elevada qualidade e poupar nas economias das fam\u00edlias. Por outro lado mant\u00e9m a Quinta ajudando em tarefas tais como &hellip; <a href=\"http:\/\/quintadoalamo.org\/?page_id=13\" class=\"more-link\">Continuar a ler<span class=\"screen-reader-text\">Hortas dos Vizinhos<\/span> <span class=\"meta-nav\">&rarr;<\/span><\/a><\/p>\n","protected":false},"author":1,"featured_media":0,"parent":0,"menu_order":5,"comment_status":"closed","ping_status":"closed","template":"","meta":[],"_links":{"self":[{"href":"http:\/\/quintadoalamo.org\/index.php?rest_route=\/wp\/v2\/pages\/13"}],"collection":[{"href":"http:\/\/quintadoalamo.org\/index.php?rest_route=\/wp\/v2\/pages"}],"about":[{"href":"http:\/\/quintadoalamo.org\/index.php?rest_route=\/wp\/v2\/types\/page"}],"author":[{"embeddable":true,"href":"http:\/\/quintadoalamo.org\/index.php?rest_route=\/wp\/v2\/users\/1"}],"replies":[{"embeddable":true,"href":"http:\/\/quintadoalamo.org\/index.php?rest_route=%2Fwp%2Fv2%2Fcomments&post=13"}],"version-history":[{"count":6,"href":"http:\/\/quintadoalamo.org\/index.php?rest_route=\/wp\/v2\/pages\/13\/revisions"}],"predecessor-version":[{"id":327,"href":"http:\/\/quintadoalamo.org\/index.php?rest_route=\/wp\/v2\/pages\/13\/revisions\/327"}],"wp:attachment":[{"href":"http:\/\/quintadoalamo.org\/index.php?rest_route=%2Fwp%2Fv2%2Fmedia&parent=13"}],"curies":[{"name":"wp","href":"https:\/\/api.w.org\/{rel}","templated":true}]}}